{"id":398,"date":"2020-09-26T22:14:24","date_gmt":"2020-09-26T20:14:24","guid":{"rendered":"http:\/\/mayermedien.de\/wordpressKK\/?page_id=398"},"modified":"2025-03-23T20:03:12","modified_gmt":"2025-03-23T19:03:12","slug":"ueber-kartenkunst","status":"publish","type":"page","link":"https:\/\/mayermedien.de\/wordpressKK\/homepage\/ueber-kartenkunst\/","title":{"rendered":"\u00dcber KartenKunst"},"content":{"rendered":"\n<p>Ich bin Manuela Mayer, eine waschechte Allg\u00e4uerin, wie man so sagen w\u00fcrde. KartenKunst ist mein Label unter dem ich seit 2020 ein Sortiment aus Gru\u00dfkarten in Aquarell- oder Acrylfarben (Digitaldrucke) im Shop oder im station\u00e4ren Handel vertreibe. Mein Interesse f\u00fcr das Malen habe ich schon lange, aber erst seit 2005 mit dem Malen von gr\u00f6\u00dferen Wandgem\u00e4lden in Acryl intensiviert. <\/p>\n\n\n\n<figure class=\"wp-block-gallery has-nested-images columns-default is-cropped wp-block-gallery-1 is-layout-flex wp-block-gallery-is-layout-flex\">\n<figure class=\"wp-block-image size-large\"><img loading=\"lazy\" decoding=\"async\" width=\"1024\" height=\"768\" data-id=\"778\" src=\"https:\/\/mayermedien.de\/wp-content\/uploads\/2022\/03\/Korsika-1024x768.jpg\" alt=\"\" class=\"wp-image-778\" srcset=\"https:\/\/mayermedien.de\/wp-content\/uploads\/2022\/03\/Korsika-1024x768.jpg 1024w, https:\/\/mayermedien.de\/wp-content\/uploads\/2022\/03\/Korsika-300x225.jpg 300w, https:\/\/mayermedien.de\/wp-content\/uploads\/2022\/03\/Korsika-768x576.jpg 768w, https:\/\/mayermedien.de\/wp-content\/uploads\/2022\/03\/Korsika-1536x1152.jpg 1536w, https:\/\/mayermedien.de\/wp-content\/uploads\/2022\/03\/Korsika-2048x1536.jpg 2048w, https:\/\/mayermedien.de\/wp-content\/uploads\/2022\/03\/Korsika-600x450.jpg 600w\" sizes=\"auto, (max-width: 1024px) 100vw, 1024px\" \/><\/figure>\n\n\n\n<figure class=\"wp-block-image size-large\"><img loading=\"lazy\" decoding=\"async\" width=\"1024\" height=\"726\" data-id=\"780\" src=\"https:\/\/mayermedien.de\/wp-content\/uploads\/2022\/03\/Mohnblumenwiese_Acryl-1024x726.jpg\" alt=\"\" class=\"wp-image-780\" srcset=\"https:\/\/mayermedien.de\/wp-content\/uploads\/2022\/03\/Mohnblumenwiese_Acryl-1024x726.jpg 1024w, https:\/\/mayermedien.de\/wp-content\/uploads\/2022\/03\/Mohnblumenwiese_Acryl-300x213.jpg 300w, https:\/\/mayermedien.de\/wp-content\/uploads\/2022\/03\/Mohnblumenwiese_Acryl-768x545.jpg 768w, https:\/\/mayermedien.de\/wp-content\/uploads\/2022\/03\/Mohnblumenwiese_Acryl-1536x1090.jpg 1536w, https:\/\/mayermedien.de\/wp-content\/uploads\/2022\/03\/Mohnblumenwiese_Acryl-2048x1453.jpg 2048w, https:\/\/mayermedien.de\/wp-content\/uploads\/2022\/03\/Mohnblumenwiese_Acryl-600x426.jpg 600w\" sizes=\"auto, (max-width: 1024px) 100vw, 1024px\" \/><\/figure>\n<\/figure>\n\n\n\n<p>Mit der Aquarellmalerei und der Gru\u00dfkartengestaltung hab ich eher durch Zufall angefangen, als ich einer Freundin eine Karte schicken wollte und keine Passende zur Hand hatte. Da hab ich den Aquarellkasten ausgepackt und kurzerhand eine gemalt. Seither male ich f\u00fcr Freunde und Familie zu jedem Anlass eine Karte, die ich dann oft in der Folge vervielf\u00e4ltige und einer breiteren \u00d6ffentlichkeit zum Kauf anbiete. Die Resonanz ist \u00fcberw\u00e4ltigend und ich freue mich sehr, dass meine Leidenschaft gut ankommt.<\/p>\n\n\n\n<p><\/p>\n\n\n\n<p>Neben den Gru\u00dfkarten nehme ich auch Auftragsarbeiten an &#8211; egal ob Wandbilder f\u00fcr&#8217;s Kinderzimmer, ein \u00dcberraschungsgeschenk f\u00fcr den Liebsten zum Jahrestag, eine Verewigung des treuen Gef\u00e4hrten, oder ganz individuelle Firmenweihnachtskarten. <\/p>\n\n\n\n<div class=\"wp-block-group\"><div class=\"wp-block-group__inner-container is-layout-flow wp-block-group-is-layout-flow\">\n<div class=\"wp-block-group\"><div class=\"wp-block-group__inner-container is-layout-flow wp-block-group-is-layout-flow\">\n<p><\/p>\n<\/div><\/div>\n<\/div><\/div>\n\n\n\n<p>Wenn Ihr f\u00fcr Euren <strong>Verein<\/strong> oder Eure <strong>Firma<\/strong> gr\u00f6\u00dfere Mengen einer bestimmten Karte ben\u00f6tigt, individuelle Motive w\u00fcnscht, oder Interesse an Merchandising Artikeln mit einem Motiv von KartenKunst habt, kein Problem. Bei mir bekommen Sie alles aus einer Hand.<\/p>\n\n\n\n<div class=\"wp-block-weforms-form\">\r\n        \r\n\r\n                <form class=\"wpuf-form-add weforms-347  wpuf-style\" action=\"\" method=\"post\"   id=\"\">\r\n\r\n            <ul class=\"wpuf-form form-label-above\">\r\n\r\n                        <li class=\"wpuf-el Name field-size-large\" data-label=\"Name\">\r\n                    <div class=\"wpuf-label\">\r\n            <label for=\"Name_347\">Name <span class=\"required\">*<\/span><\/label>\r\n        <\/div>\r\n        \r\n            <div class=\"wpuf-fields\">\r\n                <div class=\"wpuf-name-field-wrap format-first-last\" data-style=\"wpuf-style\">\r\n                    <div class=\"wpuf-name-field-first-name\">\r\n                        <input\r\n                            name=\"Name[first]\"\r\n                            type=\"text\"\r\n                            placeholder=\"Vorname\"\r\n                            value=\"\"\r\n                            size=\"40\"\r\n                            data-required=\"yes\"\r\n                            data-type=\"text\"\r\n                            data-style=\"wpuf-style\"\r\n                            class=\"textfield wpuf_Name_347\"\r\n                            autocomplete=\"given-name\"\r\n                        >\r\n                                                    <label class=\"wpuf-form-sub-label\" data-style=\"wpuf-style\">First<\/label>\r\n                                            <\/div>\r\n\r\n                                            <input type=\"hidden\" name=\"Name[middle]\" value=\"\">\r\n                    \r\n                    <div class=\"wpuf-name-field-last-name\">\r\n                        <input\r\n                            name=\"Name[last]\"\r\n                            type=\"text\" class=\"textfield\"\r\n                            placeholder=\"Nachname\"\r\n                            value=\"\"\r\n                            size=\"40\"\r\n                            autocomplete=\"family-name\"\r\n                            data-style=\"wpuf-style\"\r\n                        >\r\n                                                    <label class=\"wpuf-form-sub-label\" data-style=\"wpuf-style\">Last<\/label>\r\n                                            <\/div>\r\n                <\/div>\r\n                            <\/div>\r\n        <\/li>\r\n                <li class=\"wpuf-el email field-size-large\" data-label=\"Email Address\">\r\n                    <div class=\"wpuf-label\">\r\n            <label for=\"email_347\">Email Address <span class=\"required\">*<\/span><\/label>\r\n        <\/div>\r\n        \r\n            <div class=\"wpuf-fields\">\r\n                <input\r\n                    id=\"email_347\"\r\n                    type=\"email\"\r\n                    class=\"email  wpuf_email_347\"\r\n                    data-duplicate=\"\"\r\n                    data-required=\"yes\"\r\n                    data-type=\"email\"\r\n                    data-style=\"wpuf-style\"\r\n                    name=\"email\"\r\n                    placeholder=\"\"\r\n                    value=\"E-Mail-Adresse\"\r\n                    size=\"40\"\r\n                    autocomplete=\"email\"\r\n                \/>\r\n                            <\/div>\r\n        <\/li>\r\n                <li class=\"wpuf-el message field-size-large\" data-label=\"Message\">\r\n                    <div class=\"wpuf-label\">\r\n            <label for=\"message_347\">Message <span class=\"required\">*<\/span><\/label>\r\n        <\/div>\r\n                                    <div class=\"wpuf-fields\">\r\n            \r\n                                    <textarea\r\n                        class=\"textareafield  wpuf_message_347\"\r\n                        id=\"message_347\"\r\n                        name=\"message\"\r\n                        data-required=\"yes\"\r\n                        data-type=\"textarea\"\r\n                        placeholder=\"Ihre Nachricht\"\r\n                        rows=\"5\"\r\n                        cols=\"25\"\r\n                        data-style=\"wpuf-style\"\r\n                    ><\/textarea>\r\n                    <span class=\"wpuf-wordlimit-message wpuf-help\"><\/span>\r\n\r\n                \r\n                        <\/div><\/li>\r\n                <li class=\"wpuf-submit\">\r\n            <div class=\"wpuf-label\">\r\n                &nbsp;\r\n            <\/div>\r\n\r\n            <input type=\"hidden\" id=\"_wpnonce\" name=\"_wpnonce\" value=\"c368bf8e4a\" \/><input type=\"hidden\" name=\"_wp_http_referer\" value=\"\/wordpressKK\/homepage\/wp-json\/wp\/v2\/pages\/398\" \/>\r\n            <input type=\"hidden\" name=\"form_id\" value=\"347\">\r\n            <input type=\"hidden\" name=\"page_id\" value=\"398\">\r\n            <input type=\"hidden\" name=\"action\" value=\"weforms_frontend_submit\">\r\n\r\n                            <input type=\"hidden\" name=\"weforms-front-report\" value=\"no\">\r\n            \r\n            \r\n                            <input type=\"submit\" class=\"weforms_submit_btn wpuf_submit_347\" name=\"submit\" value=\"Absenden\" \/>\r\n                    <\/li>\r\n                <\/ul>\r\n\r\n        <\/form>\r\n                <\/div>\n\n\n\n<p><\/p>\n","protected":false},"excerpt":{"rendered":"<p>Ich bin Manuela Mayer, eine waschechte Allg\u00e4uerin, wie man so sagen w\u00fcrde. KartenKunst ist mein Label unter dem ich seit&hellip; <\/p>\n","protected":false},"author":1,"featured_media":0,"parent":0,"menu_order":0,"comment_status":"closed","ping_status":"closed","template":"","meta":{"footnotes":""},"class_list":["post-398","page","type-page","status-publish","hentry"],"aioseo_notices":[],"_links":{"self":[{"href":"https:\/\/mayermedien.de\/wordpressKK\/homepage\/wp-json\/wp\/v2\/pages\/398","targetHints":{"allow":["GET"]}}],"collection":[{"href":"https:\/\/mayermedien.de\/wordpressKK\/homepage\/wp-json\/wp\/v2\/pages"}],"about":[{"href":"https:\/\/mayermedien.de\/wordpressKK\/homepage\/wp-json\/wp\/v2\/types\/page"}],"author":[{"embeddable":true,"href":"https:\/\/mayermedien.de\/wordpressKK\/homepage\/wp-json\/wp\/v2\/users\/1"}],"replies":[{"embeddable":true,"href":"https:\/\/mayermedien.de\/wordpressKK\/homepage\/wp-json\/wp\/v2\/comments?post=398"}],"version-history":[{"count":10,"href":"https:\/\/mayermedien.de\/wordpressKK\/homepage\/wp-json\/wp\/v2\/pages\/398\/revisions"}],"predecessor-version":[{"id":991,"href":"https:\/\/mayermedien.de\/wordpressKK\/homepage\/wp-json\/wp\/v2\/pages\/398\/revisions\/991"}],"wp:attachment":[{"href":"https:\/\/mayermedien.de\/wordpressKK\/homepage\/wp-json\/wp\/v2\/media?parent=398"}],"curies":[{"name":"wp","href":"https:\/\/api.w.org\/{rel}","templated":true}]}}