{"id":797,"date":"2022-03-16T15:53:57","date_gmt":"2022-03-16T14:53:57","guid":{"rendered":"http:\/\/mayermedien.de\/wordpressKK\/?page_id=797"},"modified":"2024-06-05T20:26:09","modified_gmt":"2024-06-05T18:26:09","slug":"wo-gibts-die-karten","status":"publish","type":"page","link":"https:\/\/mayermedien.de\/wordpressKK\/homepage\/wo-gibts-die-karten\/","title":{"rendered":"Standorte Handel"},"content":{"rendered":"\n<p>Momentan im station\u00e4ren Handel erh\u00e4ltlich bei:<\/p>\n\n\n\n<ul class=\"wp-block-list\">\n<li>nah &amp; gut, Sontheim<\/li>\n\n\n\n<li>Getr\u00e4nke Ledermann, Sontheim<\/li>\n\n\n\n<li>BioOase, Bad W\u00f6rishofen<\/li>\n\n\n\n<li>Klosterladen, Ottobeuren<\/li>\n\n\n\n<li>Schreibwaren Fergg, Ottobeuren<\/li>\n\n\n\n<li>Siebenschwabenhaus, T\u00fcrkheim<\/li>\n\n\n\n<li>Autohaus Kern, Markt Rettenbach<\/li>\n\n\n\n<li>Edeka Schmidberger, Markt Rettenbach<\/li>\n\n\n\n<li>Edeka Lassotta, Oberkammlach<\/li>\n\n\n\n<li>Edeka B\u00f6hm, Dirlewang <\/li>\n\n\n\n<li>\u2026 weitere folgen<\/li>\n<\/ul>\n\n\n\n<p>Solltet Ihr auch Interesse haben, f\u00fcr Euren Laden einen Kartenst\u00e4nder mit Karten von KartenKunst aufzustellen, meldet Euch gern bei mir. Wir finden f\u00fcr jeden Platz die geeignete Pr\u00e4sentationsform.<\/p>\n","protected":false},"excerpt":{"rendered":"<p>Momentan im station\u00e4ren Handel erh\u00e4ltlich bei: Solltet Ihr auch Interesse haben, f\u00fcr Euren Laden einen Kartenst\u00e4nder mit Karten von KartenKunst&hellip; <\/p>\n","protected":false},"author":1,"featured_media":0,"parent":0,"menu_order":0,"comment_status":"closed","ping_status":"closed","template":"","meta":{"footnotes":""},"class_list":["post-797","page","type-page","status-publish","hentry"],"aioseo_notices":[],"_links":{"self":[{"href":"https:\/\/mayermedien.de\/wordpressKK\/homepage\/wp-json\/wp\/v2\/pages\/797","targetHints":{"allow":["GET"]}}],"collection":[{"href":"https:\/\/mayermedien.de\/wordpressKK\/homepage\/wp-json\/wp\/v2\/pages"}],"about":[{"href":"https:\/\/mayermedien.de\/wordpressKK\/homepage\/wp-json\/wp\/v2\/types\/page"}],"author":[{"embeddable":true,"href":"https:\/\/mayermedien.de\/wordpressKK\/homepage\/wp-json\/wp\/v2\/users\/1"}],"replies":[{"embeddable":true,"href":"https:\/\/mayermedien.de\/wordpressKK\/homepage\/wp-json\/wp\/v2\/comments?post=797"}],"version-history":[{"count":10,"href":"https:\/\/mayermedien.de\/wordpressKK\/homepage\/wp-json\/wp\/v2\/pages\/797\/revisions"}],"predecessor-version":[{"id":950,"href":"https:\/\/mayermedien.de\/wordpressKK\/homepage\/wp-json\/wp\/v2\/pages\/797\/revisions\/950"}],"wp:attachment":[{"href":"https:\/\/mayermedien.de\/wordpressKK\/homepage\/wp-json\/wp\/v2\/media?parent=797"}],"curies":[{"name":"wp","href":"https:\/\/api.w.org\/{rel}","templated":true}]}}