{"id":888,"date":"2023-10-27T17:21:13","date_gmt":"2023-10-27T15:21:13","guid":{"rendered":"http:\/\/mayermedien.de\/wordpressKK\/?post_type=product&#038;p=888"},"modified":"2023-10-27T17:27:06","modified_gmt":"2023-10-27T15:27:06","slug":"klappkarte-weihnachtswald-mit-goldschrift","status":"publish","type":"product","link":"https:\/\/mayermedien.de\/wordpressKK\/homepage\/produkt\/klappkarte-weihnachtswald-mit-goldschrift\/","title":{"rendered":"Klappkarte Weihnachtswald mit Goldschrift"},"content":{"rendered":"<p>Alle Produkte werden mit Aquarellfarben von Hand gemalt, digitalisiert und zur Klappkarte weiterverarbeitet. Diese Karte hat als Besonderheit eine Goldschrift mit Foliendruck (gl\u00e4nzt also richtig sch\u00f6n)<\/p>\n","protected":false},"excerpt":{"rendered":"<p>\u2605 Klappkarte 240 g\/m\u00b2 mit Aquarell Kunstdruck<\/p>\n<p>\u2605 gl\u00e4nzende Goldschrift in Foliendruck<\/p>\n<p>\u2605 inkl. hochwertigem Briefkuvert<\/p>\n<p>\u2605 Die genauen Ma\u00dfe sind 10,5 x 14,8 cm (A6)<\/p>\n<p>\u2605 Diese Klappkarte ist handgemalt. Der Empf\u00e4nger wird merken, dass sie von Herzen kommt.<\/p>\n<p>\u2605 Die Karte kann f\u00fcr beliebige Anl\u00e4sse verwendet werden &#8211; geeignet vor allem im Herbst &#8222;Hello autumn&#8220; hei\u00dft soviel wie &#8222;Hallo Herbst&#8220;<\/p>\n<p>&nbsp;<\/p>\n<p>&nbsp;<\/p>\n","protected":false},"featured_media":889,"comment_status":"open","ping_status":"closed","template":"","meta":[],"product_brand":[],"product_cat":[15,33],"product_tag":[],"class_list":{"0":"post-888","1":"product","2":"type-product","3":"status-publish","4":"has-post-thumbnail","6":"product_cat-unkategorisiert","7":"product_cat-weihnachten","9":"first","10":"instock","11":"shipping-taxable","12":"purchasable","13":"product-type-simple"},"aioseo_notices":[],"_links":{"self":[{"href":"https:\/\/mayermedien.de\/wordpressKK\/homepage\/wp-json\/wp\/v2\/product\/888","targetHints":{"allow":["GET"]}}],"collection":[{"href":"https:\/\/mayermedien.de\/wordpressKK\/homepage\/wp-json\/wp\/v2\/product"}],"about":[{"href":"https:\/\/mayermedien.de\/wordpressKK\/homepage\/wp-json\/wp\/v2\/types\/product"}],"replies":[{"embeddable":true,"href":"https:\/\/mayermedien.de\/wordpressKK\/homepage\/wp-json\/wp\/v2\/comments?post=888"}],"wp:featuredmedia":[{"embeddable":true,"href":"https:\/\/mayermedien.de\/wordpressKK\/homepage\/wp-json\/wp\/v2\/media\/889"}],"wp:attachment":[{"href":"https:\/\/mayermedien.de\/wordpressKK\/homepage\/wp-json\/wp\/v2\/media?parent=888"}],"wp:term":[{"taxonomy":"product_brand","embeddable":true,"href":"https:\/\/mayermedien.de\/wordpressKK\/homepage\/wp-json\/wp\/v2\/product_brand?post=888"},{"taxonomy":"product_cat","embeddable":true,"href":"https:\/\/mayermedien.de\/wordpressKK\/homepage\/wp-json\/wp\/v2\/product_cat?post=888"},{"taxonomy":"product_tag","embeddable":true,"href":"https:\/\/mayermedien.de\/wordpressKK\/homepage\/wp-json\/wp\/v2\/product_tag?post=888"}],"curies":[{"name":"wp","href":"https:\/\/api.w.org\/{rel}","templated":true}]}}